{"id":148,"date":"2023-12-12T08:39:26","date_gmt":"2023-12-12T08:39:26","guid":{"rendered":"https:\/\/darkslategrey-caterpillar-223629.hostingersite.com\/?page_id=148"},"modified":"2024-10-07T10:36:17","modified_gmt":"2024-10-07T10:36:17","slug":"captain-green-degreaser-ultra-product","status":"publish","type":"page","link":"https:\/\/captaingreen.eu\/fi\/captain-green-degreaser-ultra-product\/","title":{"rendered":"Captain green | Rasvanpoistoaine ultra tuote"},"content":{"rendered":"<div id=\"cs-content\" class=\"cs-content\"><\/div>","protected":false},"excerpt":{"rendered":"<p>Hyv\u00e4 veneellesi.Hyv\u00e4 planeetallemme.Hyv\u00e4 veneellesi. Onze producten Ons verhaal Tietoa Captain Greenist\u00e4Captain Green on johtava merkki ymp\u00e4rist\u00f6yst\u00e4v\u00e4llisille puhdistustuotteille, jotka on suunniteltu erityisesti veneess\u00e4 k\u00e4ytett\u00e4viksi. Missiomme on edist\u00e4\u00e4 puhtaampaa ja parempaa maailmaa tuomalla markkinoille korkealaatuisia ja huippulaadukkaita tuotteita, jotka on valmistettu orgaanisista ja ... <\/p>\n<div><a href=\"https:\/\/captaingreen.eu\/fi\/captain-green-degreaser-ultra-product\/\" class=\"more-link\">Lue lis\u00e4\u00e4<\/a><\/div>","protected":false},"author":1,"featured_media":0,"parent":0,"menu_order":0,"comment_status":"closed","ping_status":"closed","template":"template-blank-4.php","meta":{"rs_blank_template":"","rs_page_bg_color":"","slide_template_v7":"","footnotes":""},"class_list":["post-148","page","type-page","status-publish","hentry","no-post-thumbnail"],"_links":{"self":[{"href":"https:\/\/captaingreen.eu\/fi\/wp-json\/wp\/v2\/pages\/148","targetHints":{"allow":["GET"]}}],"collection":[{"href":"https:\/\/captaingreen.eu\/fi\/wp-json\/wp\/v2\/pages"}],"about":[{"href":"https:\/\/captaingreen.eu\/fi\/wp-json\/wp\/v2\/types\/page"}],"author":[{"embeddable":true,"href":"https:\/\/captaingreen.eu\/fi\/wp-json\/wp\/v2\/users\/1"}],"replies":[{"embeddable":true,"href":"https:\/\/captaingreen.eu\/fi\/wp-json\/wp\/v2\/comments?post=148"}],"version-history":[{"count":12,"href":"https:\/\/captaingreen.eu\/fi\/wp-json\/wp\/v2\/pages\/148\/revisions"}],"predecessor-version":[{"id":256,"href":"https:\/\/captaingreen.eu\/fi\/wp-json\/wp\/v2\/pages\/148\/revisions\/256"}],"wp:attachment":[{"href":"https:\/\/captaingreen.eu\/fi\/wp-json\/wp\/v2\/media?parent=148"}],"curies":[{"name":"wp","href":"https:\/\/api.w.org\/{rel}","templated":true}]}}