{"id":162,"date":"2023-12-12T08:39:27","date_gmt":"2023-12-12T08:39:27","guid":{"rendered":"https:\/\/darkslategrey-caterpillar-223629.hostingersite.com\/?page_id=162"},"modified":"2024-10-07T10:28:09","modified_gmt":"2024-10-07T10:28:09","slug":"captain-green-ultra-descaler","status":"publish","type":"page","link":"https:\/\/captaingreen.eu\/fr\/captain-green-ultra-descaler\/","title":{"rendered":"Captain green | D\u00e9tartrant Ultra"},"content":{"rendered":"<div id=\"cs-content\" class=\"cs-content\"><\/div>","protected":false},"excerpt":{"rendered":"<p>Bon pour votre bateau, bon pour notre plan\u00e8te, bon pour votre bateau, bon pour notre plan\u00e8te, bon pour votre bateau, bon pour notre plan\u00e8te. Bon pour notre plan\u00e8te.Onze producten Ons verhaal A propos de Captain GreenCaptain Green est la premi\u00e8re marque de produits d'entretien respectueux de l'environnement, sp\u00e9cialement con\u00e7us pour \u00eatre utilis\u00e9s sur votre bateau. Notre mission est de contribuer \u00e0 un monde plus propre et meilleur, par l'introduction de produits haut de gamme, de qualit\u00e9 sup\u00e9rieure, ... <\/p>\n<div><a href=\"https:\/\/captaingreen.eu\/fr\/captain-green-ultra-descaler\/\" class=\"more-link\">Lire la suite<\/a><\/div>","protected":false},"author":1,"featured_media":0,"parent":0,"menu_order":0,"comment_status":"closed","ping_status":"closed","template":"template-blank-4.php","meta":{"rs_blank_template":"","rs_page_bg_color":"","slide_template_v7":"","footnotes":""},"class_list":["post-162","page","type-page","status-publish","hentry","no-post-thumbnail"],"_links":{"self":[{"href":"https:\/\/captaingreen.eu\/fr\/wp-json\/wp\/v2\/pages\/162","targetHints":{"allow":["GET"]}}],"collection":[{"href":"https:\/\/captaingreen.eu\/fr\/wp-json\/wp\/v2\/pages"}],"about":[{"href":"https:\/\/captaingreen.eu\/fr\/wp-json\/wp\/v2\/types\/page"}],"author":[{"embeddable":true,"href":"https:\/\/captaingreen.eu\/fr\/wp-json\/wp\/v2\/users\/1"}],"replies":[{"embeddable":true,"href":"https:\/\/captaingreen.eu\/fr\/wp-json\/wp\/v2\/comments?post=162"}],"version-history":[{"count":6,"href":"https:\/\/captaingreen.eu\/fr\/wp-json\/wp\/v2\/pages\/162\/revisions"}],"predecessor-version":[{"id":257,"href":"https:\/\/captaingreen.eu\/fr\/wp-json\/wp\/v2\/pages\/162\/revisions\/257"}],"wp:attachment":[{"href":"https:\/\/captaingreen.eu\/fr\/wp-json\/wp\/v2\/media?parent=162"}],"curies":[{"name":"wp","href":"https:\/\/api.w.org\/{rel}","templated":true}]}}