{"id":144,"date":"2023-12-12T08:39:26","date_gmt":"2023-12-12T08:39:26","guid":{"rendered":"https:\/\/darkslategrey-caterpillar-223629.hostingersite.com\/?page_id=144"},"modified":"2024-04-17T12:03:31","modified_gmt":"2024-04-17T12:03:31","slug":"alle-producten","status":"publish","type":"page","link":"https:\/\/captaingreen.eu\/it\/alle-producten\/","title":{"rendered":"Tutti i prodotti"},"content":{"rendered":"<div id=\"cs-content\" class=\"cs-content\"><\/div>","protected":false},"excerpt":{"rendered":"<p>Buono per la vostra barca.Buono per il nostro pianeta.Buono per la vostra barca. Onze producten Ons verhaal About Captain GreenCaptain Green \u00e8 il marchio leader per i prodotti di pulizia ecologici, appositamente progettati per l'uso in barca. La nostra missione \u00e8 quella di contribuire a un mondo pi\u00f9 pulito e migliore, attraverso l'introduzione di prodotti di alta qualit\u00e0, realizzati con ingredienti organici e ... <\/p>\n<div><a href=\"https:\/\/captaingreen.eu\/it\/alle-producten\/\" class=\"more-link\">Per saperne di pi\u00f9<\/a><\/div>","protected":false},"author":1,"featured_media":0,"parent":0,"menu_order":0,"comment_status":"closed","ping_status":"closed","template":"template-blank-4.php","meta":{"rs_blank_template":"","rs_page_bg_color":"","slide_template_v7":"","footnotes":""},"class_list":["post-144","page","type-page","status-publish","hentry","no-post-thumbnail"],"_links":{"self":[{"href":"https:\/\/captaingreen.eu\/it\/wp-json\/wp\/v2\/pages\/144","targetHints":{"allow":["GET"]}}],"collection":[{"href":"https:\/\/captaingreen.eu\/it\/wp-json\/wp\/v2\/pages"}],"about":[{"href":"https:\/\/captaingreen.eu\/it\/wp-json\/wp\/v2\/types\/page"}],"author":[{"embeddable":true,"href":"https:\/\/captaingreen.eu\/it\/wp-json\/wp\/v2\/users\/1"}],"replies":[{"embeddable":true,"href":"https:\/\/captaingreen.eu\/it\/wp-json\/wp\/v2\/comments?post=144"}],"version-history":[{"count":18,"href":"https:\/\/captaingreen.eu\/it\/wp-json\/wp\/v2\/pages\/144\/revisions"}],"predecessor-version":[{"id":255,"href":"https:\/\/captaingreen.eu\/it\/wp-json\/wp\/v2\/pages\/144\/revisions\/255"}],"wp:attachment":[{"href":"https:\/\/captaingreen.eu\/it\/wp-json\/wp\/v2\/media?parent=144"}],"curies":[{"name":"wp","href":"https:\/\/api.w.org\/{rel}","templated":true}]}}