{"id":162,"date":"2023-12-12T08:39:27","date_gmt":"2023-12-12T08:39:27","guid":{"rendered":"https:\/\/darkslategrey-caterpillar-223629.hostingersite.com\/?page_id=162"},"modified":"2024-10-07T10:28:09","modified_gmt":"2024-10-07T10:28:09","slug":"captain-green-ultra-descaler","status":"publish","type":"page","link":"https:\/\/captaingreen.eu\/pt\/captain-green-ultra-descaler\/","title":{"rendered":"Captain green | Ultra descalcificador"},"content":{"rendered":"<div id=\"cs-content\" class=\"cs-content\"><\/div>","protected":false},"excerpt":{"rendered":"<p>Bom para o seu barco, bom para o nosso planeta. Bom para o nosso planeta.Onze produtos Ons verhaal Sobre Captain GreenCaptain Green \u00e9 a marca l\u00edder em produtos de limpeza amigos do ambiente, especialmente concebidos para serem utilizados no seu barco. A nossa miss\u00e3o \u00e9 contribuir para um mundo mais limpo e melhor, atrav\u00e9s da introdu\u00e7\u00e3o de produtos de alta qualidade, feitos de produtos org\u00e2nicos e ... <\/p>\n<div><a href=\"https:\/\/captaingreen.eu\/pt\/captain-green-ultra-descaler\/\" class=\"more-link\">Ler mais<\/a><\/div>","protected":false},"author":1,"featured_media":0,"parent":0,"menu_order":0,"comment_status":"closed","ping_status":"closed","template":"template-blank-4.php","meta":{"rs_blank_template":"","rs_page_bg_color":"","slide_template_v7":"","footnotes":""},"class_list":["post-162","page","type-page","status-publish","hentry","no-post-thumbnail"],"_links":{"self":[{"href":"https:\/\/captaingreen.eu\/pt\/wp-json\/wp\/v2\/pages\/162","targetHints":{"allow":["GET"]}}],"collection":[{"href":"https:\/\/captaingreen.eu\/pt\/wp-json\/wp\/v2\/pages"}],"about":[{"href":"https:\/\/captaingreen.eu\/pt\/wp-json\/wp\/v2\/types\/page"}],"author":[{"embeddable":true,"href":"https:\/\/captaingreen.eu\/pt\/wp-json\/wp\/v2\/users\/1"}],"replies":[{"embeddable":true,"href":"https:\/\/captaingreen.eu\/pt\/wp-json\/wp\/v2\/comments?post=162"}],"version-history":[{"count":6,"href":"https:\/\/captaingreen.eu\/pt\/wp-json\/wp\/v2\/pages\/162\/revisions"}],"predecessor-version":[{"id":257,"href":"https:\/\/captaingreen.eu\/pt\/wp-json\/wp\/v2\/pages\/162\/revisions\/257"}],"wp:attachment":[{"href":"https:\/\/captaingreen.eu\/pt\/wp-json\/wp\/v2\/media?parent=162"}],"curies":[{"name":"wp","href":"https:\/\/api.w.org\/{rel}","templated":true}]}}