{"id":276,"date":"2025-06-28T12:32:21","date_gmt":"2025-06-28T12:32:21","guid":{"rendered":"https:\/\/darkslategrey-caterpillar-223629.hostingersite.com\/?page_id=276"},"modified":"2025-06-28T12:32:31","modified_gmt":"2025-06-28T12:32:31","slug":"colophon","status":"publish","type":"page","link":"https:\/\/captaingreen.eu\/pt\/colophon\/","title":{"rendered":"Colof\u00e3o"},"content":{"rendered":"<div id=\"cs-content\" class=\"cs-content\"><div class=\"x-section e276-e1 m7o-0\"><div class=\"x-row e276-e2 m7o-1 m7o-2\"><div class=\"x-row-inner\"><div class=\"x-col e276-e3 m7o-3\"><div  class=\"x-raw-content\" >\n\t\t\t\t<p class=\"rs-p-wp-fix\"><\/p>\n\t\t\t\t<sr7-module data-alias=\"slider-1\" data-id=\"3\" id=\"SR7_3_1\" data-version=\"7.0.6\">\n\t\t\t\t\t<sr7-adjuster><\/sr7-adjuster>\n\t\t\t\t\t<sr7-content>\n\t\t\t\t\t\t<sr7-slide id=\"SR7_3_1-3\" data-key=\"3\">\n\t\t\t\t\t\t<\/sr7-slide>\n\t\t\t\t\t\t<sr7-slide id=\"SR7_3_1-7\" data-key=\"7\">\n\t\t\t\t\t\t<\/sr7-slide>\n\t\t\t\t\t<\/sr7-content>\n\t\t\t\t<\/sr7-module>\n\t\t\t\t<script>\n\t\t\t\t\twindow.SR7??={}; SR7.PMH ??={}; SR7.PMH[\"SR7_3_1\"] = {cn:100,state:false,fn: function() { if (window._tpt!==undefined && window._tpt.prepareModuleHeight !== undefined) {  _tpt.prepareModuleHeight({id:\"SR7_3_1\",el:[900,900,900,900,900],type:'standard',gh:[900,900,900,900,900],gw:[1240,1240,1240,1240,1240],vpt:['-200px'],size:{fullWidth:true, fullHeight:false},mh:'0',onh:0,onw:0,bg:{color:'{\"orig\":\"transparent\",\"type\":\"solid\",\"string\":\"transparent\"}'}});   SR7.PMH[\"SR7_3_1\"].state=true;} else if(SR7.PMH[\"SR7_3_1\"].cn-->0)\tsetTimeout( SR7.PMH[\"SR7_3_1\"].fn,19);}};SR7.PMH[\"SR7_3_1\" ].fn();\n\t\t\t\t<\/script>\n<\/div><\/div><\/div><\/div><\/div><div class=\"x-section x-hide-lg x-hide-md x-hide-sm x-hide-xl x-hide-xs e276-e5\"><div class=\"x-bg\" aria-hidden=\"true\"><div class=\"x-bg-layer-lower-image\" style=\" background-image: url(https:\/\/captaingreen.eu\/wp-content\/uploads\/2023\/10\/sfeerbeeldmenuverkleind2.jpg); background-repeat: no-repeat; background-position: center; background-size: cover;\"><\/div><div class=\"x-bg-layer-upper-color\" style=\" background-color: rgba(0, 0, 0, 0.5);\"><\/div><\/div><div class=\"x-row e276-e6\"><div class=\"x-row-inner\"><div class=\"x-col e276-e7\"><h2  class=\"h-custom-headline h1\" style=\"color: hsl(0, 0%, 100%);\"><span>Good for your\u00a0 boat.<\/span><\/h2><h2  class=\"h-custom-headline h1\" style=\"color: hsl(0, 0%, 100%);margin-top:-20px; font-weight: 200;\"><span>Good for our\u00a0 planet.<\/span><\/h2><div class=\"x-text x-content e276-e10\"><p><span style=\"color: #ffffff;\"><strong>Good for your\u00a0 boat.<\/strong><\/span><br \/>\n<span style=\"color: #ffffff;\">Good for our planet.<\/span><\/p><\/div><a class=\"x-anchor x-anchor-button e276-e11\" tabindex=\"0\" href=\"#\"><div class=\"x-anchor-content\"><div class=\"x-anchor-text\"><span class=\"x-anchor-text-primary\">Onze producten<\/span><\/div><\/div><\/a><a class=\"x-anchor x-anchor-button e276-e12\" tabindex=\"0\" href=\"#\"><div class=\"x-anchor-content\"><div class=\"x-anchor-text\"><span class=\"x-anchor-text-primary\">&nbsp; &nbsp;Ons verhaal&nbsp; &nbsp;&nbsp;<\/span><\/div><\/div><\/a><\/div><\/div><\/div><\/div><div class=\"x-section e276-e13\" id=\"about-captain-green\"><div class=\"x-row e276-e14\"><div class=\"x-row-inner\"><div class=\"x-col e276-e15\"><h1  class=\"h-custom-headline cs-ta-center h2\" style=\"color: hsl(0, 0%, 100%);margin-top:0px;\"><span>About Captain Green<\/span><\/h1><hr  class=\"x-gap\" style=\"margin: 30px 0 0 0;\"><div class=\"x-text x-content e276-e18\"><p><span style=\"color: #ffffff;\"><span class=\"s4\">Captain Green is the leading brand for environmentally friendly cleaning products, specially designed to use on your boat. Our mission is to contribute to a cleaner and better world, by the introduction<\/span> <span class=\"s4\">of \u00a0high-end, top quality products, made of organic and natural components and ingredients. Our <\/span><span class=\"s4\">core values<\/span><span class=\"s4\"> are sustainable, safe, natural, organic en quality.<\/span><\/span><\/p>\n<p><\/p><\/div><div class=\"x-text x-content e276-e19\"><span style=\"color: #ffffff;\"><span class=\"s4\">Use Captain Green and do your part to create a cleaner world!<\/span><\/span><\/div><\/div><\/div><\/div><\/div><div class=\"x-section e276-e20\"><span class=\"x-separator-top-curve-out\" style=\"top: 0px; height: 50px; color: rgb(255, 255, 255);\" aria-hidden=\"true\"><svg class=\"curve-top-out\" style=\"fill: currentColor;\" xmlns=\"http:\/\/www.w3.org\/2000\/svg\" version=\"1.1\" viewBox=\"0 0 100 50\" preserveAspectRatio=\"none\"><path d=\"M0,50C0,50,22.4,0,50,0s50,50,50,50\"\/><\/svg><\/span><div class=\"x-row e276-e21\"><div class=\"x-row-inner\"><div class=\"x-col e276-e22\"><h1  class=\"h-custom-headline cs-ta-center h2\" style=\"color: #009B31;margin-top:0px;\"><span>Why Captain Green?<\/span><\/h1><hr  class=\"x-gap\" style=\"margin: 30px 0 0 0;\"><\/div><\/div><\/div><div class=\"x-row e276-e25\"><div class=\"x-row-inner\"><div class=\"x-col e276-e26\"><div class=\"x-row e276-e27\"><div class=\"x-row-inner\"><div class=\"x-col e276-e28\"><span class=\"x-image e276-e29\"><img decoding=\"async\" src=\"https:\/\/captaingreen.eu\/wp-content\/uploads\/2023\/11\/Captain-Green_-Top-quality-green1.png\" width=\"138\" height=\"138\" alt=\"Image\"><\/span><\/div><\/div><\/div><hr  class=\"x-gap\" style=\"margin: 10px 0 0 0;\"><div class=\"x-text x-content e276-e31\">Top-quality &amp; green<\/div><div id=\"\" class=\"x-text cs-ta-center\" style=\"padding-left:20px; padding-right:20px;\" ><p>Top-Quality and organic? Yes, that\u2019s Captain Green, the first manufacturer in the world who combines premium boatcare products with natural ingredients and components. Captain Green ensures high-end products which are safe to human and nature, biodegradable, without any micro-plastics and PFAS.<\/p>\n<\/div><\/div><div class=\"x-col e276-e33\"><div class=\"x-row e276-e34\"><div class=\"x-row-inner\"><div class=\"x-col e276-e35\"><span class=\"x-image e276-e36\"><img decoding=\"async\" src=\"https:\/\/captaingreen.eu\/wp-content\/uploads\/2023\/11\/Captain-Green_-Made-in-Holland1.png\" width=\"138\" height=\"138\" alt=\"Image\"><\/span><\/div><\/div><\/div><hr  class=\"x-gap\" style=\"margin: 10px 0 0 0;\"><div class=\"x-text x-content e276-e38\">Sustainability<\/div><div id=\"\" class=\"x-text cs-ta-center\" style=\"padding-left:20px; padding-right:20px;\" ><p>Captain Green offers a durable and sustainable range of products under the motto: less products to cover it all. With only a couple of products, you will cover the majority of the cosmetic maintenance on board. You no longer need many different products, only Captain Green. Captain Green where quality meets sustainability.<\/p>\n<\/div><\/div><div class=\"x-col e276-e40\"><div class=\"x-row e276-e41\"><div class=\"x-row-inner\"><div class=\"x-col e276-e42\"><span class=\"x-image e276-e43\"><img decoding=\"async\" src=\"https:\/\/captaingreen.eu\/wp-content\/uploads\/2023\/11\/Captain-Green_-Sustainability1.png\" width=\"138\" height=\"138\" alt=\"Image\"><\/span><\/div><\/div><\/div><hr  class=\"x-gap\" style=\"margin: 10px 0 0 0;\"><div class=\"x-text x-content e276-e45\">Made in Holland<\/div><div id=\"\" class=\"x-text cs-ta-center\" style=\"padding-left:20px; padding-right:20px;\" ><p>All the products from Captain Green are produced in Holland, in one of the most sustainable and durable factories in the world. With an in-house chemical research- and testing lab, we make sure we have the best quality there is. Captain Green absolute quality.<\/p>\n<\/div><\/div><\/div><\/div><div class=\"x-row e276-e47\"><div class=\"x-row-inner\"><div class=\"x-col e276-e48\"><hr  class=\"x-gap\" style=\"margin: 5px 0 0 0;\"><\/div><div class=\"x-col e276-e50\"><div class=\"x-row e276-e51\"><div class=\"x-row-inner\"><div class=\"x-col e276-e52\"><span class=\"x-image e276-e53\"><img decoding=\"async\" src=\"https:\/\/captaingreen.eu\/wp-content\/uploads\/2023\/11\/Captain-Green_-Packaging1.png\" width=\"138\" height=\"138\" alt=\"Image\"><\/span><\/div><\/div><\/div><hr  class=\"x-gap\" style=\"margin: 10px 0 0 0;\"><div class=\"x-text x-content e276-e55\">Packaging<\/div><div id=\"\" class=\"x-text cs-ta-center\" style=\"padding-left:20px; padding-right:20px;\" ><p>Captain Green not only uses natural ingredients but also our packaging are durable and sustainable. The bottles are made of recycled materials and the transport boxes and tape of chloride free recycled carton. This is how we make sure you are sustainable. Captain Green - a cleaner environment and boat starts with yourself.<\/p>\n<\/div><\/div><div class=\"x-col e276-e57\"><div class=\"x-row e276-e58\"><div class=\"x-row-inner\"><div class=\"x-col e276-e59\"><span class=\"x-image e276-e60\"><img decoding=\"async\" src=\"https:\/\/captaingreen.eu\/wp-content\/uploads\/2023\/11\/Captain-Green_-Safety-first1.png\" width=\"138\" height=\"138\" alt=\"Image\"><\/span><\/div><\/div><\/div><hr  class=\"x-gap\" style=\"margin: 10px 0 0 0;\"><div class=\"x-text x-content e276-e62\">Safety first<\/div><div id=\"\" class=\"x-text cs-ta-center\" style=\"padding-left:20px; padding-right:20px;\" ><p>No hazardous or precautionary statements, no hazardous symbols, no limitations for handling, storage and transport, no micro-plastics, no PFAS, that makes Captain Green is safe to human and nature.<\/p>\n<\/div><\/div><div class=\"x-col e276-e64\"><hr  class=\"x-gap\" style=\"margin: 5px 0 0 0;\"><\/div><\/div><\/div><\/div><div class=\"x-section e276-e66\"><div class=\"x-bg\" aria-hidden=\"true\"><div class=\"x-bg-layer-lower-image\" data-x-element-bg-layer=\"{&quot;parallaxSize&quot;:&quot;150%&quot;,&quot;parallaxDir&quot;:&quot;v&quot;,&quot;parallaxRev&quot;:false}\" style=\" background-image: url(https:\/\/captaingreen.eu\/wp-content\/uploads\/2024\/01\/Captain-Green_-Parallaxlogo4.jpg); background-repeat: no-repeat; background-position: center; background-size: cover;\"><\/div><div class=\"x-bg-layer-upper-color\" style=\" background-color: rgba(0, 0, 0, 0.27);\"><\/div><\/div><div class=\"x-row e276-e67\"><div class=\"x-row-inner\"><div class=\"x-col e276-e68\"><h1  class=\"h-custom-headline cs-ta-left h1\" style=\"color: hsl(0, 0%, 100%);margin-top: 0px;\"><span>Captain Green<\/span><\/h1><h1  class=\"h-custom-headline h1\" style=\"color: hsl(0, 0%, 100%);color: hsl(0, 0%, 100%);     margin-top: -20px;     font-weight: 500;\"><span>natural and organic.\n<\/span><\/h1><\/div><\/div><\/div><\/div><div class=\"x-section x-hide-lg x-hide-md x-hide-sm x-hide-xl x-hide-xs e276-e71\" id=\"the-product\"><div class=\"x-row e276-e72\"><div class=\"x-row-inner\"><div class=\"x-col e276-e73\"><h1  class=\"h-custom-headline cs-ta-left h3\" style=\"color: #009B31;\"><span>Our products<\/span><\/h1><\/div><\/div><\/div><div class=\"x-row e276-e75\"><div class=\"x-row-inner\"><div class=\"x-col e276-e76\"><span class=\"x-image e276-e77\"><img decoding=\"async\" src=\"https:\/\/captaingreen.eu\/wp-content\/uploads\/2023\/10\/CaptainGreen_productenpng.png\" width=\"400\" height=\"400\" alt=\"Image\"><\/span><div class=\"x-text x-content e276-e78\"><p><strong>Ontvetter<\/strong><\/p><\/div><div id=\"\" class=\"x-text\" style=\"\" ><p>\u20ac17,95<\/p>\n<\/div><\/div><div class=\"x-col e276-e80\"><span class=\"x-image e276-e81\"><img decoding=\"async\" src=\"https:\/\/captaingreen.eu\/wp-content\/uploads\/2023\/10\/CaptainGreen_productenpng.png\" width=\"400\" height=\"400\" alt=\"Image\"><\/span><div class=\"x-text x-content e276-e82\"><strong>Kalk verwijderaar<\/strong><\/div><div id=\"\" class=\"x-text\" style=\"\" ><p>\u20ac17,95<\/p>\n<\/div><\/div><div class=\"x-col e276-e84\"><span class=\"x-image e276-e85\"><img decoding=\"async\" src=\"https:\/\/captaingreen.eu\/wp-content\/uploads\/2023\/10\/CaptainGreen_productenpng.png\" width=\"400\" height=\"400\" alt=\"Image\"><\/span><div class=\"x-text x-content e276-e86\"><p><strong>Shampoo<\/strong><\/p><\/div><div id=\"\" class=\"x-text\" style=\"\" ><p>\u20ac17,95<\/p>\n<\/div><\/div><div class=\"x-col e276-e88\"><hr  class=\"x-gap\" style=\"margin: 5px 0 0 0;\"><\/div><\/div><\/div><\/div><div class=\"x-section e276-e90\"><div class=\"x-row x-container max width e276-e91\" id=\"theproduct\"><div class=\"x-row-inner\"><div class=\"x-col e276-e92\"><hr  class=\"x-gap\" style=\"margin: 5px 0 0 0;\"><\/div><\/div><\/div><\/div><div class=\"x-section x-hide-sm x-hide-xs e276-e94\"><div class=\"x-row e276-e95\"><div class=\"x-row-inner\"><div class=\"x-col e276-e96\"><h1  class=\"h-custom-headline cs-ta-center h2\" style=\"color: #009B31;\"><span>Which product do I need?<\/span><\/h1><div id=\"\" class=\"x-text cs-ta-center\" style=\"\" ><p>Captain Green offers three products which covers the majority of the cosmetic maintenance on board.<\/p>\n<\/div><div class=\"x-text x-content e276-e99\">Choose your product over here:<\/div><\/div><\/div><\/div><div class=\"x-row e276-e100\"><div class=\"x-row-inner\"><div class=\"x-col e276-e101\"><h2  class=\"h-custom-headline cs-ta-center h5\" style=\"color: hsl(0, 0%, 0%);margin-top:0px;\"><span>Degreaser Ultra<\/span><\/h2><div id=\"\" class=\"x-text cs-ta-center\" style=\"\" ><p>This product is used to remove all kinds of greasy and oily stains. A very strong formula which can be used on many surfaces on board like polyester, gelcoat, stainless steel, natural- and synthetic teak, glass, hard and soft plastics, vinyl\/PVC, Hypalon\/Neoprene,  varnished- or painted materials, the bilge and engine etc.Water-based, biodegradable, safe to human and nature, no microplastics and PFAS.<\/p>\n<\/div><div class=\"x-row e276-e104\"><div class=\"x-row-inner\"><div class=\"x-col e276-e105\"><span class=\"x-image x-hide-lg x-hide-md x-hide-xl e276-e106\"><img decoding=\"async\" src=\"https:\/\/captaingreen.eu\/wp-content\/uploads\/2023\/11\/Captain-green_-_0000_Degreaser-Ultra.png\" width=\"400\" height=\"400\" alt=\"Image\"><\/span><\/div><\/div><\/div><\/div><div class=\"x-col e276-e107\"><h2  class=\"h-custom-headline cs-ta-center h5\" style=\"color: hsl(0, 0%, 0%);margin-top:0px;\"><span>Boat Shampoo Ultra<\/span><\/h2><div id=\"\" class=\"x-text cs-ta-center\" style=\"\" ><p>A soft, concentrated and very good boat shampoo for daily use. Wash your boat with outstanding cleaning results using this premium shampoo. The soft and Ph-neutral formula makes sure you can use it on all kinds of hard and soft materials and surface on board. No effect on existing protective waxes. Water-based, biodegradable, safe to human and nature, no microplastics and PFAS.<\/p>\n<\/div><div class=\"x-row e276-e110\"><div class=\"x-row-inner\"><div class=\"x-col e276-e111\"><span class=\"x-image x-hide-lg x-hide-md x-hide-xl e276-e112\"><img decoding=\"async\" src=\"https:\/\/captaingreen.eu\/wp-content\/uploads\/2023\/11\/Captain-green_-_0001_Boatwash-ultra.png\" width=\"400\" height=\"400\" alt=\"Image\"><\/span><\/div><\/div><\/div><\/div><div class=\"x-col e276-e113\"><h2  class=\"h-custom-headline cs-ta-center h5\" style=\"color: hsl(0, 0%, 0%);margin-top:0px;\"><span>Descaler Ultra<\/span><\/h2><div id=\"\" class=\"x-text cs-ta-center\" style=\"\" ><p>This product is used to remove brownish-\/yellow deposit from the hull, algae growth and rust. A very strong formula which can be used on many surfaces on board like polyester, gelcoat, stainless steel, natural teak, glass, hard plastics, vinyl\/PVC, Hypalon\/Neoprene,  varnished- or painted materials. Water-based, acid-free, biodegradable, safe to human and nature, no microplastics and PFAS.<\/p>\n<\/div><div class=\"x-row e276-e116\"><div class=\"x-row-inner\"><div class=\"x-col e276-e117\"><span class=\"x-image x-hide-lg x-hide-md x-hide-xl e276-e118\"><img decoding=\"async\" src=\"https:\/\/captaingreen.eu\/wp-content\/uploads\/2023\/11\/Captain-green_-_0002_Descaler-ultra.png\" width=\"400\" height=\"400\" alt=\"Image\"><\/span><\/div><\/div><\/div><\/div><\/div><\/div><div class=\"x-row e276-e119\"><div class=\"x-row-inner\"><div class=\"x-col e276-e120\"><div class=\"x-bg\" aria-hidden=\"true\"><div class=\"x-bg-layer-lower-image\"><\/div><div class=\"x-bg-layer-upper-image\"><\/div><\/div><a class=\"x-image x-hide-sm x-hide-xs e276-e121\" data-x-effect=\"{&quot;durationBase&quot;:&quot;300ms&quot;}\" href=\"https:\/\/captaingreen.eu\/captain-green-degreaser-ultra-product\/\"><img decoding=\"async\" src=\"https:\/\/captaingreen.eu\/wp-content\/uploads\/2024\/01\/0000_Captain-green_-Degreaser-ultra.png\" width=\"1067\" height=\"930\" alt=\"Image\"><\/a><a  class=\"x-btn x-btn-global\"  href=\"https:\/\/captaingreen.eu\/captain-green-degreaser-ultra-product\/\"     data-options=\"thumbnail: ''\">Check product<\/a><\/div><div class=\"x-col e276-e123\"><a class=\"x-image e276-e124\" data-x-effect=\"{&quot;durationBase&quot;:&quot;300ms&quot;}\" href=\"https:\/\/captaingreen.eu\/captain-green-premium-boat-wash\/\"><img decoding=\"async\" src=\"https:\/\/captaingreen.eu\/wp-content\/uploads\/2024\/01\/0002_Captain-green_Boatwash-ultra.png\" width=\"1067\" height=\"930\" alt=\"Image\"><\/a><a  class=\"x-btn x-btn-global\"  href=\"https:\/\/captaingreen.eu\/captain-green-premium-boat-wash\/\"     data-options=\"thumbnail: ''\">Check product<\/a><\/div><div class=\"x-col e276-e126\"><a class=\"x-image x-hide-sm x-hide-xs e276-e127\" data-x-effect=\"{&quot;durationBase&quot;:&quot;300ms&quot;}\" href=\"https:\/\/captaingreen.eu\/captain-green-ultra-descaler\/\"><img decoding=\"async\" src=\"https:\/\/captaingreen.eu\/wp-content\/uploads\/2024\/01\/0001_Captain-green_-Descaler-ultra.png\" width=\"1067\" height=\"930\" alt=\"Image\"><\/a><a  class=\"x-btn x-btn-global\"  href=\"https:\/\/captaingreen.eu\/captain-green-ultra-descaler\/\"     data-options=\"thumbnail: ''\">Check product<\/a><\/div><\/div><\/div><\/div><div class=\"x-section x-hide-lg x-hide-md x-hide-xl e276-e129\"><div class=\"x-row e276-e130\"><div class=\"x-row-inner\"><div class=\"x-col e276-e131\"><h1  class=\"h-custom-headline cs-ta-center h2\" style=\"color: #009B31;\"><span>Which product do I need?<\/span><\/h1><div id=\"\" class=\"x-text cs-ta-center\" style=\"\" ><p>Captain Green offers three products which covers the majority of the cosmetic maintenance on board.<\/p>\n<\/div><div class=\"x-text x-content e276-e134\">Choose your product over here:<\/div><\/div><\/div><\/div><div class=\"x-row e276-e135\"><div class=\"x-row-inner\"><div class=\"x-col e276-e136\"><h2  class=\"h-custom-headline cs-ta-center h5\" style=\"color: hsl(0, 0%, 0%);margin-top:0px;\"><span>Degreaser Ultra<\/span><\/h2><div id=\"\" class=\"x-text cs-ta-center\" style=\"\" ><p>This product is used to remove all kinds of greasy and oily stains. A very strong formula which can be used on many surfaces on board like polyester, gelcoat, stainless steel, natural- and synthetic teak, glass, hard and soft plastics, vinyl\/PVC, Hypalon\/Neoprene,  varnished- or painted materials, the bilge and engine etc.Water-based, biodegradable, safe to human and nature, no microplastics and PFAS.<\/p>\n<\/div><div class=\"x-row e276-e139\"><div class=\"x-row-inner\"><div class=\"x-col e276-e140\"><a class=\"x-image x-hide-lg x-hide-md x-hide-xl e276-e141\" href=\"https:\/\/captaingreen.eu\/captain-green-degreaser-ultra-product\/\"><img decoding=\"async\" src=\"https:\/\/captaingreen.eu\/wp-content\/uploads\/2024\/01\/0000_Captain-green_-Degreaser-ultra.png\" width=\"533\" height=\"465\" alt=\"Image\"><\/a><a  class=\"x-btn x-btn-global\"  href=\"https:\/\/captaingreen.eu\/captain-green-degreaser-ultra-product\/\"     data-options=\"thumbnail: ''\">Check product<\/a><\/div><\/div><\/div><\/div><div class=\"x-col e276-e143\"><h2  class=\"h-custom-headline cs-ta-center h5\" style=\"color: hsl(0, 0%, 0%);margin-top:0px;\"><span>Boat Shampoo Ultra<\/span><\/h2><div id=\"\" class=\"x-text cs-ta-center\" style=\"\" ><p>A soft, concentrated and very good boat shampoo for daily use. Wash your boat with outstanding cleaning results using this premium shampoo. The soft and Ph-neutral formula makes sure you can use it on all kinds of hard and soft materials and surface on board. No effect on existing protective waxes. Water-based, biodegradable, safe to human and nature, no microplastics and PFAS.<\/p>\n<\/div><div class=\"x-row e276-e146\"><div class=\"x-row-inner\"><div class=\"x-col e276-e147\"><a class=\"x-image x-hide-lg x-hide-md x-hide-xl e276-e148\" href=\"https:\/\/captaingreen.eu\/captain-green-premium-boat-wash\/\"><img decoding=\"async\" src=\"https:\/\/captaingreen.eu\/wp-content\/uploads\/2024\/01\/0001_Captain-green_-Descaler-ultra.png\" width=\"533\" height=\"465\" alt=\"Image\"><\/a><a  class=\"x-btn x-btn-global\"  href=\"https:\/\/captaingreen.eu\/captain-green-premium-boat-wash\/\"     data-options=\"thumbnail: ''\">Check product<\/a><\/div><\/div><\/div><\/div><div class=\"x-col e276-e150\"><h2  class=\"h-custom-headline cs-ta-center h5\" style=\"color: hsl(0, 0%, 0%);margin-top:0px;\"><span>Descaler Ultra<\/span><\/h2><div id=\"\" class=\"x-text cs-ta-center\" style=\"\" ><p>This product is used to remove brownish-\/yellow deposit from the hull, algae growth and rust. A very strong formula which can be used on many surfaces on board like polyester, gelcoat, stainless steel, natural teak, glass, hard plastics, vinyl\/PVC, Hypalon\/Neoprene,  varnished- or painted materials. Water-based, acid-free, biodegradable, safe to human and nature, no microplastics and PFAS.<\/p>\n<\/div><div class=\"x-row e276-e153\"><div class=\"x-row-inner\"><div class=\"x-col e276-e154\"><a class=\"x-image x-hide-lg x-hide-md x-hide-xl e276-e155\" href=\"https:\/\/captaingreen.eu\/captain-green-ultra-descaler\/\"><img decoding=\"async\" src=\"https:\/\/captaingreen.eu\/wp-content\/uploads\/2024\/01\/0002_Captain-green_Boatwash-ultra.png\" width=\"533\" height=\"465\" alt=\"Image\"><\/a><a  class=\"x-btn x-btn-global\"  href=\"https:\/\/captaingreen.eu\/captain-green-ultra-descaler\/\"     data-options=\"thumbnail: ''\">Check product<\/a><\/div><\/div><\/div><\/div><\/div><\/div><\/div><div class=\"x-section e276-e157\" id=\"contact\"><div class=\"x-bg\" aria-hidden=\"true\"><div class=\"x-bg-layer-lower-image\" data-x-element-bg-layer=\"{&quot;parallaxSize&quot;:&quot;150%&quot;,&quot;parallaxDir&quot;:&quot;v&quot;,&quot;parallaxRev&quot;:false}\" style=\" background-image: url(https:\/\/captaingreen.eu\/wp-content\/uploads\/2023\/11\/Captain-Green_-Parallaxwater.jpg); background-repeat: no-repeat; background-position: center; background-size: cover;\"><\/div><div class=\"x-bg-layer-upper-color\" style=\" background-color: rgba(0, 0, 0, 0.2);\"><\/div><\/div><div class=\"x-row e276-e158\"><div class=\"x-row-inner\"><div class=\"x-col e276-e159\"><h2  class=\"h-custom-headline h1\" style=\"color: hsl(0, 0%, 100%);margin-top: 0px;\"><span>Captain Green<\/span><\/h2><h3  class=\"h-custom-headline cs-ta-center h1\" style=\"color: hsl(0, 0%, 100%);color: hsl(0, 0%, 100%);     margin-top: -20px;     font-weight: 500;\"><span>safe to human and nature.<\/span><\/h3><\/div><\/div><\/div><\/div><\/div>\n","protected":false},"excerpt":{"rendered":"<p>Bom para o seu barco, bom para o nosso planeta. Bom para o nosso planeta.Onze produtos Ons verhaal Sobre Captain GreenCaptain Green \u00e9 a marca l\u00edder em produtos de limpeza amigos do ambiente, especialmente concebidos para serem utilizados no seu barco. A nossa miss\u00e3o \u00e9 contribuir para um mundo mais limpo e melhor, atrav\u00e9s da introdu\u00e7\u00e3o de produtos de alta qualidade, feitos de produtos org\u00e2nicos e ... <\/p>\n<div><a href=\"https:\/\/captaingreen.eu\/pt\/colophon\/\" class=\"more-link\">Ler mais<\/a><\/div>","protected":false},"author":1,"featured_media":0,"parent":0,"menu_order":0,"comment_status":"closed","ping_status":"closed","template":"template-blank-4.php","meta":{"rs_blank_template":"","rs_page_bg_color":"","slide_template_v7":"","footnotes":""},"class_list":["post-276","page","type-page","status-publish","hentry","no-post-thumbnail"],"_links":{"self":[{"href":"https:\/\/captaingreen.eu\/pt\/wp-json\/wp\/v2\/pages\/276","targetHints":{"allow":["GET"]}}],"collection":[{"href":"https:\/\/captaingreen.eu\/pt\/wp-json\/wp\/v2\/pages"}],"about":[{"href":"https:\/\/captaingreen.eu\/pt\/wp-json\/wp\/v2\/types\/page"}],"author":[{"embeddable":true,"href":"https:\/\/captaingreen.eu\/pt\/wp-json\/wp\/v2\/users\/1"}],"replies":[{"embeddable":true,"href":"https:\/\/captaingreen.eu\/pt\/wp-json\/wp\/v2\/comments?post=276"}],"version-history":[{"count":4,"href":"https:\/\/captaingreen.eu\/pt\/wp-json\/wp\/v2\/pages\/276\/revisions"}],"predecessor-version":[{"id":280,"href":"https:\/\/captaingreen.eu\/pt\/wp-json\/wp\/v2\/pages\/276\/revisions\/280"}],"wp:attachment":[{"href":"https:\/\/captaingreen.eu\/pt\/wp-json\/wp\/v2\/media?parent=276"}],"curies":[{"name":"wp","href":"https:\/\/api.w.org\/{rel}","templated":true}]}}