{"id":148,"date":"2023-12-12T08:39:26","date_gmt":"2023-12-12T08:39:26","guid":{"rendered":"https:\/\/darkslategrey-caterpillar-223629.hostingersite.com\/?page_id=148"},"modified":"2024-10-07T10:36:17","modified_gmt":"2024-10-07T10:36:17","slug":"captain-green-degreaser-ultra-product","status":"publish","type":"page","link":"https:\/\/captaingreen.eu\/sv\/captain-green-degreaser-ultra-product\/","title":{"rendered":"Captain green | Degreaser ultra product"},"content":{"rendered":"<div id=\"cs-content\" class=\"cs-content\"><\/div>","protected":false},"excerpt":{"rendered":"<p>Bra f\u00f6r din b\u00e5t, bra f\u00f6r v\u00e5r planet, bra f\u00f6r din b\u00e5t, bra f\u00f6r v\u00e5r planet. Bra f\u00f6r v\u00e5r planet.v\u00e5ra produkter v\u00e5r ber\u00e4ttelse Om Captain GreenCaptain Green \u00e4r det ledande varum\u00e4rket f\u00f6r milj\u00f6v\u00e4nliga reng\u00f6ringsprodukter, speciellt utformade f\u00f6r att anv\u00e4ndas p\u00e5 din b\u00e5t. V\u00e5rt uppdrag \u00e4r att bidra till en renare och b\u00e4ttre v\u00e4rld genom att introducera avancerade produkter av h\u00f6gsta kvalitet, tillverkade av ekologiska och ... <\/p>\n<div><a href=\"https:\/\/captaingreen.eu\/sv\/captain-green-degreaser-ultra-product\/\" class=\"more-link\">L\u00e4s mer p\u00e5<\/a><\/div>","protected":false},"author":1,"featured_media":0,"parent":0,"menu_order":0,"comment_status":"closed","ping_status":"closed","template":"template-blank-4.php","meta":{"rs_blank_template":"","rs_page_bg_color":"","slide_template_v7":"","footnotes":""},"class_list":["post-148","page","type-page","status-publish","hentry","no-post-thumbnail"],"_links":{"self":[{"href":"https:\/\/captaingreen.eu\/sv\/wp-json\/wp\/v2\/pages\/148","targetHints":{"allow":["GET"]}}],"collection":[{"href":"https:\/\/captaingreen.eu\/sv\/wp-json\/wp\/v2\/pages"}],"about":[{"href":"https:\/\/captaingreen.eu\/sv\/wp-json\/wp\/v2\/types\/page"}],"author":[{"embeddable":true,"href":"https:\/\/captaingreen.eu\/sv\/wp-json\/wp\/v2\/users\/1"}],"replies":[{"embeddable":true,"href":"https:\/\/captaingreen.eu\/sv\/wp-json\/wp\/v2\/comments?post=148"}],"version-history":[{"count":12,"href":"https:\/\/captaingreen.eu\/sv\/wp-json\/wp\/v2\/pages\/148\/revisions"}],"predecessor-version":[{"id":256,"href":"https:\/\/captaingreen.eu\/sv\/wp-json\/wp\/v2\/pages\/148\/revisions\/256"}],"wp:attachment":[{"href":"https:\/\/captaingreen.eu\/sv\/wp-json\/wp\/v2\/media?parent=148"}],"curies":[{"name":"wp","href":"https:\/\/api.w.org\/{rel}","templated":true}]}}