{"id":159,"date":"2023-12-12T08:39:27","date_gmt":"2023-12-12T08:39:27","guid":{"rendered":"https:\/\/darkslategrey-caterpillar-223629.hostingersite.com\/?page_id=159"},"modified":"2024-10-07T10:29:06","modified_gmt":"2024-10-07T10:29:06","slug":"captain-green-premium-boat-wash","status":"publish","type":"page","link":"https:\/\/captaingreen.eu\/tr\/captain-green-premium-boat-wash\/","title":{"rendered":"Kaptan ye\u015fil | Premium tekne y\u0131kama"},"content":{"rendered":"<div id=\"cs-content\" class=\"cs-content\"><\/div>","protected":false},"excerpt":{"rendered":"<p>Tekneniz i\u00e7in iyi, gezegenimiz i\u00e7in iyi, tekneniz i\u00e7in iyi. Gezegenimiz i\u00e7in iyi Onze producten Ons verhaal Captain Green Hakk\u0131ndaCaptain Green, teknenizde kullanmak \u00fczere \u00f6zel olarak tasarlanm\u0131\u015f \u00e7evre dostu temizlik \u00fcr\u00fcnlerinin lider markas\u0131d\u0131r. Misyonumuz, daha temiz ve daha iyi bir d\u00fcnyaya katk\u0131da bulunmak, organik ve \u00e7evre dostu malzemelerden \u00fcretilmi\u015f y\u00fcksek kaliteli, ... <\/p>\n<div><a href=\"https:\/\/captaingreen.eu\/tr\/captain-green-premium-boat-wash\/\" class=\"more-link\">Daha fazla bilgi edinin<\/a><\/div>","protected":false},"author":1,"featured_media":0,"parent":0,"menu_order":0,"comment_status":"closed","ping_status":"closed","template":"template-blank-4.php","meta":{"rs_blank_template":"","rs_page_bg_color":"","slide_template_v7":"","footnotes":""},"class_list":["post-159","page","type-page","status-publish","hentry","no-post-thumbnail"],"_links":{"self":[{"href":"https:\/\/captaingreen.eu\/tr\/wp-json\/wp\/v2\/pages\/159","targetHints":{"allow":["GET"]}}],"collection":[{"href":"https:\/\/captaingreen.eu\/tr\/wp-json\/wp\/v2\/pages"}],"about":[{"href":"https:\/\/captaingreen.eu\/tr\/wp-json\/wp\/v2\/types\/page"}],"author":[{"embeddable":true,"href":"https:\/\/captaingreen.eu\/tr\/wp-json\/wp\/v2\/users\/1"}],"replies":[{"embeddable":true,"href":"https:\/\/captaingreen.eu\/tr\/wp-json\/wp\/v2\/comments?post=159"}],"version-history":[{"count":12,"href":"https:\/\/captaingreen.eu\/tr\/wp-json\/wp\/v2\/pages\/159\/revisions"}],"predecessor-version":[{"id":254,"href":"https:\/\/captaingreen.eu\/tr\/wp-json\/wp\/v2\/pages\/159\/revisions\/254"}],"wp:attachment":[{"href":"https:\/\/captaingreen.eu\/tr\/wp-json\/wp\/v2\/media?parent=159"}],"curies":[{"name":"wp","href":"https:\/\/api.w.org\/{rel}","templated":true}]}}